{"id":247,"date":"2014-10-21T07:08:11","date_gmt":"2014-10-21T07:08:11","guid":{"rendered":"http:\/\/www.webillusion.in\/zeenarose\/?page_id=247"},"modified":"2014-12-16T07:45:02","modified_gmt":"2014-12-16T07:45:02","slug":"dove-essence-shop","status":"publish","type":"page","link":"http:\/\/www.sgl-usa.com\/?page_id=247","title":{"rendered":"Como Hacerse Mason"},"content":{"rendered":"<div class=\"como_wrapper\">\n<div class=\"como_contanier\">\n<div class=\"como_inner\">\n<div class=\"como_inner_left\"><strong>Paso 1:<\/strong> Debes <strong>informarte<\/strong> oportunamente acerca de lo que es y lo que no es la masoner\u00eda. Puedes consultar enciclopedias, libros, p\u00e1ginas de Internet o si tienes oportunidad platica con un mas\u00f3n. Cualquiera de nosotros tendr\u00e1 la disposici\u00f3n de escucharte y resolver tus dudas (por rid\u00edculas o exageradas que te parezcan) acerca de la Orden.<\/div>\n<div class=\"como_inner_left\">\n<p>\u00bfD\u00f3nde puedo obtener la mejor informaci\u00f3n acerca de la masoner\u00eda?<\/p>\n<ul>\n<li> De un mas\u00f3n<\/li>\n<li> De una enciclopedia seria<\/li>\n<li>De libros hist\u00f3ricos<\/li>\n<li>De logias regulares<\/li>\n<\/ul>\n<\/div>\n<div class=\"como_inner_left\">\n<p>\u00bfQui\u00e9nes NO me pueden informar acerca de la masoner\u00eda?<\/p>\n<ul>\n<li>Libros, revistas o p\u00e1ginas esot\u00e9ricas.<\/li>\n<li>Libros, revistas o p\u00e1ginas sin objetividad pol\u00edtica o religiosa.<\/li>\n<\/ul>\n<p><strong>Nuestra recomendaci\u00f3n<\/strong><\/p>\n<p><strong>No puedes comprometerte con algo que no conoces o a lo mejor ni siquiera te interesa. De antemano te adelantamos:<\/strong>\n<\/div>\n<div class=\"como_inner_left\">\n<p>Lo que SI es la masoner\u00eda<\/p>\n<ul>\n<li>Una fraternidad universal de hombres y mujeres libres y de buenas costumbres que luchan dentro y fuera de ella por lograr un mundo m\u00e1s humano, libre y justo para todos.<\/li>\n<li>Un grupo de personas dedicadas a ejercer la caridad, fomentar el libre pensamiento, ayudar a los viajeros y defender las libertades sin buscar la fama, la fortuna o el aplauso de la sociedad.<\/li>\n<li>Un conjunto de personas que siguen un viejo rito did\u00e1ctico, basado en leyendas y s\u00edmbolos, para protegerse y aprender a valorar la libertad, la igualdad, la fraternidad, el amor, el socorro, y la verdad.<\/li>\n<\/ul>\n<\/div>\n<div class=\"como_inner_left\">\n<p>Lo que NO es la masoner\u00eda<\/p>\n<ul>\n<li>Un grupo poderoso, infiltrado e influyente en las altas esferas del poder y las finanzas a nivel mundial.<\/li>\n<li> Un grupo de estudiosos de la astrolog\u00eda y las ciencias ocultas.<\/li>\n<li> Una red internacional de protectores de alg\u00fan secreto que de revelarse provocar\u00eda el p\u00e1nico generalizado.<\/li>\n<li>Un grupo de choque ateo o antirreligioso.<\/li>\n<\/ul>\n<\/div>\n<div class=\"como_inner_left\">\n<p>A muchos les parecer\u00e1 gracioso, pero existe gente que escucha este tipo de rumores y debemos ser bastante claros: no tenemos la m\u00e1s remota idea de cu\u00e1ndo se va a acabar el mundo, ni sabemos qu\u00e9 paso con el Santo Grial, no podemos infiltrar a alguien en alg\u00fan lado, no sabemos si exista vida en otros planetas, ninguno de nosotros adivina, ni levita, ni se desaparece (\u00a1salvo cuando nos piden prestado!), no matamos ni espiamos a nadie, no convertimos a nadie a alguna religi\u00f3n, no realizamos sacrificios de animales, humanos, etc., etc., etc.<\/p>\n<\/p><\/div>\n<div class=\"como_inner_left\"><strong>Paso 2:<\/strong> Debes estar convencido acerca de lo que quieres y estar seguro de que la masoner\u00eda te ayudar\u00e1 a alcanzarlo. Vas a tomar una decisi\u00f3n que te comprometer\u00e1 de por vida y tienes que estar seguro de que la masoner\u00eda realmente te <strong>conviene.<\/strong><\/div>\n<div class=\"como_inner_left\">\n<p>\u00bfPara qu\u00e9 SI me puede servir la masoner\u00eda?<\/p>\n<ul>\n<li>Para aprender a valorar los m\u00e1s altos principios y crecer como persona.<\/li>\n<li> Para vencer tu ignorancia y aprender de todos y cada uno de tus amigos y compa\u00f1eros, desde los m\u00e1s humildes hasta los m\u00e1s destacados.<\/li>\n<li>Para ayudar a los m\u00e1s necesitados de una manera directa, transparente y secreta.<\/li>\n<li>Para luchar por una sociedad m\u00e1s justa y libre.<\/li>\n<\/ul>\n<\/div>\n<div class=\"como_inner_left\">\n<p>\u00bfPara qu\u00e9 NO me sirve la masoner\u00eda?<\/p>\n<ul>\n<li>Para conseguir alg\u00fan trabajo o posici\u00f3n.<\/li>\n<li> Para aprender astrolog\u00eda u otra falsa ciencia.<\/li>\n<li>Para conocer los secretos que se manejan en las altas c\u00fapulas.<\/li>\n<li>Para sustituir tu religi\u00f3n actual.<\/li>\n<li>Para participar en alg\u00fan movimiento rebelde.<\/li>\n<\/ul>\n<\/div>\n<div class=\"como_inner_left\"><strong>Paso 3.<\/strong> Debes analizar qu\u00e9 estas dispuesto a dar por entrar y permanecer en la masoner\u00eda. Es decir, qu\u00e9 vas a ofrecer a cambio de recibir.<\/div>\n<div class=\"como_inner_left\">\n<p>Lo que SI te va a exigir la masoner\u00eda<\/p>\n<ul>\n<li> Que seas una buena persona con libertad de criterio.<\/li>\n<li>Que tengas un deseo permanente de superaci\u00f3n y aprendizaje.<\/li>\n<li> Que ofrezcas siempre tu ayuda a los necesitados y a tu comunidad.<\/li>\n<li> Que guardes el secreto de todo lo que ves y escuchas en la logia para proteger a tus compa\u00f1eros y amigos en todo el mundo y evitar alguna represalia en su contra por alguna opini\u00f3n o sugerencia vertida.<\/li>\n<li>Que tomes en serio sus ense\u00f1anzas y mantengas en alto el nombre de la instituci\u00f3n.<\/li>\n<li> Que pagues tus cuotas oportunamente.<\/li>\n<\/ul>\n<\/div>\n<div class=\"como_inner_left\">\n<p>Lo que NO te va a exigir la masoner\u00eda<\/p>\n<ul>\n<li>Que cambies de religi\u00f3n.<\/li>\n<li>Que te afilies o votes por alg\u00fan partido pol\u00edtico.<\/li>\n<li>Que da\u00f1es o ataques a alguna persona o instituci\u00f3n.<\/li>\n<li>Que te hagas da\u00f1o f\u00edsica, psicol\u00f3gica o emocionalmente.<\/li>\n<\/ul>\n<\/div>\n<div class=\"como_inner_left\"><strong>Paso 4.<\/strong> Debes ir a una logia cercana a tu domicilio y externarles tu deseo de ingresar a la fraternidad. Es f\u00e1cil distinguirlas por sus emblemas (una escuadra entrelazada con un comp\u00e1s encerrando una letra &#8220;G&#8221;),  o por sus colores casi siempre azules. Puedes asimismo buscarlas en el directorio telef\u00f3nico o preguntando a la gente.<\/div>\n<div class=\"como_inner_left\">\n<p>Ya estando ah\u00ed lo m\u00e1s probable es que te hagan algunas preguntas acerca de tus motivos, de tu forma de vida, de tu forma de pensar, etc. Si realmente observan un deseo sincero y desinteresado de tu parte por convertirte en mas\u00f3n entonces algunos de ellos se ofrecer\u00e1n a apoyarte y te dir\u00e1n los requisitos que deber\u00e1s cubrir.<\/p>\n<\/div>\n<div class=\"como_inner_left\">\n<p>Los requisitos frecuentes son llenar una solicitud, algunas fotograf\u00edas, acta de nacimiento, identificaci\u00f3n oficial, carta de no antecedentes penales, comprobantes de tu empleo u ocupaci\u00f3n, pago de la cuota, etc. Algunas logias te pedir\u00e1n m\u00e1s cosas, pero la mayor\u00eda se conformar\u00e1 con eso o menos.<\/p>\n<\/div>\n<div class=\"como_inner_left\"><strong>paso 5.<\/strong> Pres\u00e9ntate con todo lo que te solicitan y espera a que te llamen o te vuelvan a citar. A partir de entonces decidir\u00e1n si es conveniente que te integres a ellos o no. Recuerda que todav\u00eda tienes tiempo de arrepentirte y que no has formalizado ning\u00fan compromiso todav\u00eda, as\u00ed que puedes llamarles para retirar tu solicitud. Si te aceptan te llamar\u00e1n para la iniciaci\u00f3n (un rito y proceso obligatorio que les mostrar\u00e1 la seriedad de tus objetivos) o en caso contrario te regresar\u00e1n la solicitud y todo sigue como antes.\n<\/div>\n<div class=\"como_inner_left\"><strong>Recuerda que un juramento mas\u00f3nico es vitalicio y exige estricto cumplimiento. Analiza con calma tus prioridades y decide lo mejor para ti.<\/strong>\n<\/div>\n<div class=\"como_button\"><a href=\"wp-content\/themes\/rose\/pdf_files\/SolicitudDeIniciacion.pdf\">Download Pdf<\/a><\/div>\n<\/div>\n<\/div>\n","protected":false},"excerpt":{"rendered":"<p>Paso 1: Debes informarte oportunamente acerca de lo que es y lo que no es la masoner\u00eda. Puedes consultar enciclopedias, libros, p\u00e1ginas de Internet o si tienes oportunidad platica con un mas\u00f3n. Cualquiera de nosotros tendr\u00e1 la disposici\u00f3n de escucharte y resolver tus dudas (por rid\u00edculas o exageradas que te parezcan) acerca de la Orden. [&hellip;]<\/p>\n","protected":false},"author":1,"featured_media":0,"parent":0,"menu_order":0,"comment_status":"open","ping_status":"open","template":"","meta":[],"_links":{"self":[{"href":"http:\/\/www.sgl-usa.com\/index.php?rest_route=\/wp\/v2\/pages\/247"}],"collection":[{"href":"http:\/\/www.sgl-usa.com\/index.php?rest_route=\/wp\/v2\/pages"}],"about":[{"href":"http:\/\/www.sgl-usa.com\/index.php?rest_route=\/wp\/v2\/types\/page"}],"author":[{"embeddable":true,"href":"http:\/\/www.sgl-usa.com\/index.php?rest_route=\/wp\/v2\/users\/1"}],"replies":[{"embeddable":true,"href":"http:\/\/www.sgl-usa.com\/index.php?rest_route=%2Fwp%2Fv2%2Fcomments&post=247"}],"version-history":[{"count":31,"href":"http:\/\/www.sgl-usa.com\/index.php?rest_route=\/wp\/v2\/pages\/247\/revisions"}],"predecessor-version":[{"id":1098,"href":"http:\/\/www.sgl-usa.com\/index.php?rest_route=\/wp\/v2\/pages\/247\/revisions\/1098"}],"wp:attachment":[{"href":"http:\/\/www.sgl-usa.com\/index.php?rest_route=%2Fwp%2Fv2%2Fmedia&parent=247"}],"curies":[{"name":"wp","href":"https:\/\/api.w.org\/{rel}","templated":true}]}}