{"id":439,"date":"2014-10-28T13:24:13","date_gmt":"2014-10-28T13:24:13","guid":{"rendered":"http:\/\/www.webillusion.in\/serenisimagranlogia\/?page_id=439"},"modified":"2014-11-13T07:08:23","modified_gmt":"2014-11-13T07:08:23","slug":"trabajos-filosoficos","status":"publish","type":"page","link":"http:\/\/www.sgl-usa.com\/?page_id=439","title":{"rendered":"Trabajos Filos\u00f3ficos"},"content":{"rendered":"<div class=\"FILOSOF\u00cdA_wrapper\">\n<div class=\"FILOSOF\u00cdA_contanier\">\n<div class=\"FILOSOF\u00cdA_inner\">\n<div class=\"FILOSOF\u00cdA_heading\">LA FILOSOF\u00cdA DE LA MASONERIA<\/div>\n<div class=\"FILOSOF\u00cdA_left\"><img decoding=\"async\" src=\"wp-content\/themes\/rose\/images\/FILOSOFIA.jpg\" \/><\/div>\n<div class=\"FILOSOF\u00cdA_right\"style=\"font-size: 18px; text-decoration: -moz-anchor-decoration;\">1.ORIGEN DEL TERMINO FILOSOF\u00cdA<\/div>\n<div class=\"FILOSOF\u00cdA_right\">\n<ul>\n<li>El termino es abstracto y polis\u00e9mico (la misma palabra con distintos significados relacionados entre s\u00ed).<\/li>\n<li> La ra\u00edz &#8220;filosof&#8221; aparece en siglo VII A.E.V. en Anaximandro \u2013 alumno de Tales de Mileto.<\/li>\n<li> Aparece tambi\u00e9n en los Siglos VI A.E.V. (Her\u00e1clito, Pit\u00e1goras), V A.E.V. (Is\u00f3crates, Plat\u00f3n), y IV A.E.V. (Arist\u00f3teles).<\/li>\n<li>La tradici\u00f3n dice que el t\u00e9rmino &#8220;fil\u00f3sofo&#8221; es Pitag\u00f3rico y del Siglo VI A.E.V. Pero el texto m\u00e1s lejano (no referencial) es el &#8220;Corpus Hipocr\u00e1ticum&#8221;, Siglo V y IV antes de la era vulgar.<\/li>\n<\/ul>\n<\/div>\n<div class=\"FILOSOF\u00cdA_bottom\">\n<p style=\"font-size: 18px; text-decoration: -moz-anchor-decoration;\">2. EVOLUCI\u00d3N SEM\u00c1NTICA DEL CONCEPTO<\/p>\n<ul>\n<li>FILOS: Enemigo \u2013 relaci\u00f3n de hospitalidad \u2013 relaci\u00f3n familiar o dom\u00e9stica \u2013 comportamiento afectivo \u2013 significaci\u00f3n religiosa \u2013 ritual.<\/li>\n<li> SOF\u00cdA: Habilidad manual \u2013 t\u00e9cnica \u2013 experiencia de \u2013 conocimiento general.<\/li>\n<li>IS\u00d3CRATES: Sof\u00eda es conocimiento expl\u00edcito y especializado (como piensan los Sofistas).<\/li>\n<li>HER\u00c1CLITO: Sof\u00eda es saber los principios que gobiernan todas las cosas.<\/li>\n<li>PLAT\u00d3N: Su filosof\u00eda es marcada por la diferencia entre sensible e inteligible. La filosof\u00eda es preparaci\u00f3n para la muerte. La idea m\u00e1s importante es la del bien. Acent\u00faa FILOS:<\/li>\n<\/ul>\n<p>Filosof\u00eda es la ciencia del BIEN, que gobierna al mundo de las ideas. El bien se conoce liber\u00e1ndose de lo material.<br \/>\nARIST\u00d3TELES: Acent\u00faa SOF\u00cdA, lo objetivo. Para \u00e9l, la ciencia (episteme) es conocimiento racional. Usa la palabra &#8220;episteme&#8221; 6 veces m\u00e1s que la palabra &#8220;filosof\u00eda&#8221;.<\/p>\n<\/div>\n<div class=\"FILOSOF\u00cdA_heading\" style=\"font-size: 18px;\">Filosof\u00eda es &#8220;episteme&#8221;, o conocimiento necesario de las causas. Hay filosof\u00edas PRIMERAS (ciencias- lo que llamamos hoy Metaf\u00edsica) \u2013 y SEGUNDAS \u2013 (F\u00edsica y Matem\u00e1ticas).Metaf\u00edsica es la relaci\u00f3n entre las definiciones de Filosof\u00eda.<\/div>\n<div class=\"FILOSOF\u00cdA_bottom\">\n<p style=\"font-size: 18px; text-decoration: -moz-anchor-decoration;\">3. FILOSOF\u00cdA EN EL MUNDO ACAD\u00c9MICO \/ INTELECTUAL MODERNO<\/p>\n<ul>\n<li> La filosof\u00eda no tiene lugar en el mundo moderno. Hoy el conocimiento es un medio, no un fin en s\u00ed.<\/li>\n<li> La gente hoy tiene criterios hechos de todas las cosas y se creen ilustrados. Hay que desconfiar de la ilustraci\u00f3n propia.<\/li>\n<li> Si un sujeto mira un objeto con un fin ulterior:<\/li>\n<\/ul>\n<p>   1.El sujeto saca atenci\u00f3n del objeto<br \/>\n   2.no respeta la naturaleza del objeto<br \/>\n   3.no tiene la mirada limpia<br \/>\n   4.fracciona su capacidad cognoscitiva<br \/>\n   5.pierde la visi\u00f3n y el gozo de la verdad<br \/>\n   6.objeto se cierra y no se muestra.<\/p>\n<div class=\"FILOSOF\u00cdA_heading\" style=\"font-size: 18px; margin-top: -4px; padding: 2px 0px 0px;\">Hoy hay mucha especializaci\u00f3n, y el planteo de la totalidad (filosof\u00eda) se hace vago, et\u00e9reo y ambiguo. El concepto de &#8220;totalidad&#8221; deja la Universidad y es tomado por el periodismo.<\/div>\n<p>El conocimiento concuspiciente es una muleta para carencias espirituales. Es un medio para llegar a un fin aparentemente bueno.<\/p>\n<div class=\"FILOSOF\u00cdA_heading\"  style=\"font-size: 18px; padding: 0px 0px 2px; margin-top: -9px;\">Dicho todo esto, y usando la definici\u00f3n hoy m\u00e1s aceptada de Filosof\u00eda como Amor al Conocimiento, \u00bfque podemos entender por la Filosof\u00eda de la Francmasoner\u00eda? Esto es lo que constituye el verdadero, el real secreto de la Francmasoner\u00eda.<\/div>\n<p>La respuesta se encuentra f\u00e1cilmente. Est\u00e1 escrita en cada Ritual de cada Rito que se practica en la Orden, y en la misma historia de la Orden.<\/p>\n<div class=\"FILOSOF\u00cdA\">Es una verdadera, completa y sana Filosof\u00eda del Trabajo. Fue descubierta y desarrollada por los Libres Masones Operativos de los tiempos medievales. Descubrieron esta Filosof\u00eda no en una teor\u00eda, pero en lo que su trabajo diario de constructores de catedrales y de otros magn\u00edficos edificios les impon\u00eda a sus esp\u00edritus.<\/p>\n<p>Por m\u00e1s de dos siglos los Libres Masones Operativos fueron las mayores, m\u00e1s ilustradas y mejores mentes de su \u00e9poca. Por razones hist\u00f3ricas eran libres, en el seno de sus reuniones en sus Logias de ejercitar el libre pensamiento. Adem\u00e1s, su trabajo inclu\u00eda una serie de artes y ciencias como el trazado de planos, la geometr\u00eda, la aritm\u00e9tica, la mec\u00e1nica, la qu\u00edmica, la escultura, la pintura, el arte de manejar y fabricar vidrios, el conocimiento de la perspectiva y de las proporciones.<\/p><\/div>\n<div class=\"FILOSOF\u00cdA\">Con su Filosof\u00eda del Trabajo, los Libres Masones Operativos iban de contramano con el pensamiento generalizado del mundo medieval. Por esa raz\u00f3n necesitaban secretos para poderse reconocer entre s\u00ed.<\/p>\n<p>Cuando con el pasar de los a\u00f1os se agregaron a las Logias Masones Especulativos, y se lleg\u00f3 eventualmente a la Masoner\u00eda puramente Especulativa, una cosa no cambi\u00f3. La Filosof\u00eda Mas\u00f3nica del Trabajo. La Orden se hizo una Instituci\u00f3n destinada a elevar la cultura universal.<\/p>\n<p>El s\u00edmbolo de este dif\u00edcil y duro trabajo es nuestro Mandil: cada vez que lo vestimos nos hace reflexionar y pensar profundamente sobre nuestra idoneidad para llevar adelante la tarea que hemos prometido cumplir.<\/p>\n<p>Otra imagen que surge es la de la Piedra Bruta. A trav\u00e9s de este s\u00edmbolo, la palabra &#8220;trabajo&#8221; toma un sentido distinto, din\u00e1mico. La Piedra Bruta simboliza las imperfecciones del esp\u00edritu y del coraz\u00f3n que el Mas\u00f3n debe constantemente y permanentemente esforzarse para corregir.<\/p><\/div>\n<div class=\"FILOSOF\u00cdA\">Los antiguos constructores, dentro de sus Logias perfeccionaban sus conocimientos sobre el campo de la construcci\u00f3n y de la edificaci\u00f3n. Se enriquec\u00edan en su trabajo, pero como constructores se perfeccionaban personalmente en su aspecto moral tambi\u00e9n.<\/p>\n<p>Las catedrales eran templos a la fe en Dios, pero eran construidas gracias a piedras labradas por el hombre. En los Masones medievales no se pod\u00edan separar la trascendencia de la fe del &#8220;hacer&#8221; o del trabajar.<\/p>\n<p>Los instrumentos usados por estos primeros Masones se hicieron, con el tiempo, s\u00edmbolos del edificar en el sentido m\u00e1s amplio de la palabra. Ellos levantaban una casa a Dios, pero simb\u00f3licamente pon\u00edan en el centro de la atenci\u00f3n al hombre en cuanto hombre, el hombre nacido para contribuir \u2013 por medio del trabajo sobre s\u00ed mismo \u2013 al perfeccionamiento del mundo.<\/p><\/div>\n<div class=\"FILOSOF\u00cdA\">La Francmasoner\u00eda honra y dignifica el trabajo y lo considera como uno de los deberes m\u00e1s esenciales del hombre; por eso proscribe la ociosidad voluntaria y da a sus miembros el t\u00edtulo de Obreros.<\/p>\n<p>De esta definici\u00f3n se deduce claramente, que la Francmasoner\u00eda es una instituci\u00f3n nacida para combatir con las armas de la persuasi\u00f3n y por la fuerza moral del buen ejemplo, todo lo que atente al progreso de la raz\u00f3n y al esp\u00edritu de confraternidad universal. La Francmasoner\u00eda es la ciencia del progreso moral.<\/p>\n<p>\u00bfCu\u00e1l es una Filosof\u00eda de la Francmasoner\u00eda? Es la Filosof\u00eda del Trabajo, S\u00f3lo eso.<\/p><\/div>\n<\/div>\n<\/div>\n<\/div>\n","protected":false},"excerpt":{"rendered":"<p>LA FILOSOF\u00cdA DE LA MASONERIA 1.ORIGEN DEL TERMINO FILOSOF\u00cdA El termino es abstracto y polis\u00e9mico (la misma palabra con distintos significados relacionados entre s\u00ed). La ra\u00edz &#8220;filosof&#8221; aparece en siglo VII A.E.V. en Anaximandro \u2013 alumno de Tales de Mileto. Aparece tambi\u00e9n en los Siglos VI A.E.V. (Her\u00e1clito, Pit\u00e1goras), V A.E.V. (Is\u00f3crates, Plat\u00f3n), y IV [&hellip;]<\/p>\n","protected":false},"author":1,"featured_media":0,"parent":0,"menu_order":0,"comment_status":"open","ping_status":"open","template":"","meta":[],"_links":{"self":[{"href":"http:\/\/www.sgl-usa.com\/index.php?rest_route=\/wp\/v2\/pages\/439"}],"collection":[{"href":"http:\/\/www.sgl-usa.com\/index.php?rest_route=\/wp\/v2\/pages"}],"about":[{"href":"http:\/\/www.sgl-usa.com\/index.php?rest_route=\/wp\/v2\/types\/page"}],"author":[{"embeddable":true,"href":"http:\/\/www.sgl-usa.com\/index.php?rest_route=\/wp\/v2\/users\/1"}],"replies":[{"embeddable":true,"href":"http:\/\/www.sgl-usa.com\/index.php?rest_route=%2Fwp%2Fv2%2Fcomments&post=439"}],"version-history":[{"count":17,"href":"http:\/\/www.sgl-usa.com\/index.php?rest_route=\/wp\/v2\/pages\/439\/revisions"}],"predecessor-version":[{"id":832,"href":"http:\/\/www.sgl-usa.com\/index.php?rest_route=\/wp\/v2\/pages\/439\/revisions\/832"}],"wp:attachment":[{"href":"http:\/\/www.sgl-usa.com\/index.php?rest_route=%2Fwp%2Fv2%2Fmedia&parent=439"}],"curies":[{"name":"wp","href":"https:\/\/api.w.org\/{rel}","templated":true}]}}