{"id":451,"date":"2014-10-28T13:25:58","date_gmt":"2014-10-28T13:25:58","guid":{"rendered":"http:\/\/www.webillusion.in\/serenisimagranlogia\/?page_id=451"},"modified":"2015-11-04T18:37:11","modified_gmt":"2015-11-04T18:37:11","slug":"rentar-el-templo","status":"publish","type":"page","link":"http:\/\/www.sgl-usa.com\/?page_id=451","title":{"rendered":"Rentar el Templo"},"content":{"rendered":"<div class=\"internal_pages_wrapper\">\n<div class=\"internal_pages_container\">\n<div class=\"internal_pages\">\n<div class=\"internal_page_heading\">Facilidades en Renta<\/div>\n<p>Una de las formas en que La Serenisima Gran Logia, obtiene fondos para llevar adelante su misi\u00f3n de merjorar la vida de sus miembros y la comunidad, es a trav\u00e9s del alquiler de salones de reuniones, y un Templo para actividades Mas\u00f3nicas.<\/p>\n<p><strong>El edificio de La Serenisima Gran Logia se encuentra\u00a0ubicado en la ciudad de Nueva York, en Times Square, en el 354 West de la calle 45, y posee las siguientes facilidades en renta:<\/strong><\/p>\n<p>&nbsp;<\/p>\n<p>1 sal\u00f3n de evento con su Bar<\/p>\n<p>1 Templo para actividades netamente Mas\u00f3nicas (Templo, Venerable Hermano, Luciano Lopez)<\/p>\n<p>1 Templo penthouse para actividades netamente Mas\u00f3nicas (Templo, Venerable Hermano, )<\/p>\n<p>&nbsp;<\/p>\n<p>Para informaci\u00f3n de precios y disponibilidades, comunicarse con el Administrador del Templo a los Tel\u00e9fonos 212-245-8757 o al <strong>E-mail:<a href=\"#\"> SerenisimaGLLE@<\/a><a href=\"http:\/\/www.sgl-usa.com\/wp-admin\/post.php?post=449&amp;action=edit\">twcmetrobiz.com<\/a><\/strong><\/p>\n<\/div>\n<\/div>\n<\/div>\n","protected":false},"excerpt":{"rendered":"<p>Facilidades en Renta Una de las formas en que La Serenisima Gran Logia, obtiene fondos para llevar adelante su misi\u00f3n de merjorar la vida de sus miembros y la comunidad, es a trav\u00e9s del alquiler de salones de reuniones, y un Templo para actividades Mas\u00f3nicas. El edificio de La Serenisima Gran Logia se encuentra\u00a0ubicado en [&hellip;]<\/p>\n","protected":false},"author":1,"featured_media":0,"parent":0,"menu_order":0,"comment_status":"open","ping_status":"open","template":"","meta":[],"_links":{"self":[{"href":"http:\/\/www.sgl-usa.com\/index.php?rest_route=\/wp\/v2\/pages\/451"}],"collection":[{"href":"http:\/\/www.sgl-usa.com\/index.php?rest_route=\/wp\/v2\/pages"}],"about":[{"href":"http:\/\/www.sgl-usa.com\/index.php?rest_route=\/wp\/v2\/types\/page"}],"author":[{"embeddable":true,"href":"http:\/\/www.sgl-usa.com\/index.php?rest_route=\/wp\/v2\/users\/1"}],"replies":[{"embeddable":true,"href":"http:\/\/www.sgl-usa.com\/index.php?rest_route=%2Fwp%2Fv2%2Fcomments&post=451"}],"version-history":[{"count":3,"href":"http:\/\/www.sgl-usa.com\/index.php?rest_route=\/wp\/v2\/pages\/451\/revisions"}],"predecessor-version":[{"id":1463,"href":"http:\/\/www.sgl-usa.com\/index.php?rest_route=\/wp\/v2\/pages\/451\/revisions\/1463"}],"wp:attachment":[{"href":"http:\/\/www.sgl-usa.com\/index.php?rest_route=%2Fwp%2Fv2%2Fmedia&parent=451"}],"curies":[{"name":"wp","href":"https:\/\/api.w.org\/{rel}","templated":true}]}}