{"id":455,"date":"2014-10-28T13:26:34","date_gmt":"2014-10-28T13:26:34","guid":{"rendered":"http:\/\/www.webillusion.in\/serenisimagranlogia\/?page_id=455"},"modified":"2017-07-08T21:52:40","modified_gmt":"2017-07-09T01:52:40","slug":"nuestro-83-aniversario-2014","status":"publish","type":"page","link":"http:\/\/www.sgl-usa.com\/?page_id=455","title":{"rendered":"Nuestro 86 Aniversario 2017"},"content":{"rendered":"<div class=\"internal_pages_wrapper\">\n<div class=\"internal_pages_container\">\n<div class=\"internal_pages\">\n<div class=\"internal_page_heading\">DIA DEL MASON HISPANO-AMERICANO 2017<\/div>\n<p>Invitaci\u00f3n Fraternal: Acto del Dia del Mason &#8220;Hispano-Americano&#8221; 47 Aniversario y La Seren\u00edsima Gran Logia de Lengua Espa\u00f1ola celebrara su &#8220;86 Aniversario&#8221; el Domingo 12 de Noviembre 2017 de 12:00pm hasta las 5:00pm en el Salon de Festejos de la Gran Logia localizada en el 354 West Calle 45 Manhattan 10036. Boletos estan a la venta por $25 por persona o $40 por pareja. Para mas informacion mandenos un correo electronico a <strong>SerenisimaGLLE@twcmetrobiz.com<\/strong><\/p>\n<\/div>\n<\/div>\n<\/div>\n","protected":false},"excerpt":{"rendered":"<p>DIA DEL MASON HISPANO-AMERICANO 2017 Invitaci\u00f3n Fraternal: Acto del Dia del Mason &#8220;Hispano-Americano&#8221; 47 Aniversario y La Seren\u00edsima Gran Logia de Lengua Espa\u00f1ola celebrara su &#8220;86 Aniversario&#8221; el Domingo 12 de Noviembre 2017 de 12:00pm hasta las 5:00pm en el Salon de Festejos de la Gran Logia localizada en el 354 West Calle 45 Manhattan [&hellip;]<\/p>\n","protected":false},"author":1,"featured_media":0,"parent":0,"menu_order":0,"comment_status":"open","ping_status":"open","template":"","meta":[],"_links":{"self":[{"href":"http:\/\/www.sgl-usa.com\/index.php?rest_route=\/wp\/v2\/pages\/455"}],"collection":[{"href":"http:\/\/www.sgl-usa.com\/index.php?rest_route=\/wp\/v2\/pages"}],"about":[{"href":"http:\/\/www.sgl-usa.com\/index.php?rest_route=\/wp\/v2\/types\/page"}],"author":[{"embeddable":true,"href":"http:\/\/www.sgl-usa.com\/index.php?rest_route=\/wp\/v2\/users\/1"}],"replies":[{"embeddable":true,"href":"http:\/\/www.sgl-usa.com\/index.php?rest_route=%2Fwp%2Fv2%2Fcomments&post=455"}],"version-history":[{"count":8,"href":"http:\/\/www.sgl-usa.com\/index.php?rest_route=\/wp\/v2\/pages\/455\/revisions"}],"predecessor-version":[{"id":1511,"href":"http:\/\/www.sgl-usa.com\/index.php?rest_route=\/wp\/v2\/pages\/455\/revisions\/1511"}],"wp:attachment":[{"href":"http:\/\/www.sgl-usa.com\/index.php?rest_route=%2Fwp%2Fv2%2Fmedia&parent=455"}],"curies":[{"name":"wp","href":"https:\/\/api.w.org\/{rel}","templated":true}]}}