{"id":461,"date":"2014-10-28T13:30:08","date_gmt":"2014-10-28T17:30:08","guid":{"rendered":"http:\/\/www.webillusion.in\/serenisimagranlogia\/?page_id=461"},"modified":"2022-01-18T10:39:23","modified_gmt":"2022-01-18T15:39:23","slug":"grandes-oficiales-2019-2021","status":"publish","type":"page","link":"http:\/\/www.sgl-usa.com\/?page_id=461","title":{"rendered":"Grandes Oficiales 2019-2021"},"content":{"rendered":"<div class=\"image_wrapper\">\n<div class=\"image_contanier\">\n<div class=\"main_img_cotainer\"><img decoding=\"async\" src=\"wp-content\/themes\/rose\/images\/rayanmaystro.png\"><\/div>\n<table cellspacing=\"0\" cellpadding=\"5\" bgcolor=\"#d4d4d4\" width=\"80%\" align=\"center\">\n<tr bgcolor=\"#ffffff\"><\/td>\n<td align=\"center\"><img decoding=\"async\" src=\"wp-content\/themes\/rose\/images\/Cristobal Carela.png\" \/><br \/><strong>Diputado Gran Maestro<\/br>Cristobal Carela<\/strong><\/td>\n<td><img decoding=\"async\" src=\"wp-content\/themes\/rose\/images\/Joel Chaviano.png\" \/><br \/><strong>Gran Secretario<\/br>Joel Chaviano<\/strong><\/td>\n<td><img decoding=\"async\" src=\"wp-content\/themes\/rose\/images\/Carlos Marcial Sr..png\" \/><br \/><strong>Gran Primer Vigilante<\/br>Carlos Marcial Sr.<\/strong><\/td>\n<td><img decoding=\"async\" src=\"wp-content\/themes\/rose\/images\/Cristobal Carela.png\" \/><br \/><strong>Gran Segundo Vigilante<\/br>Antonio Hallado<\/strong><\/td>\n<\/tr>\n<tr bgcolor=\"#ffffff\">\n<td align=\"center\"><img decoding=\"async\" src=\"wp-content\/themes\/rose\/images\/Abraham Martinez.png\" \/><br \/><strong>Gran Orador<\/br>Abraham Martinez<\/strong><\/td>\n<td><img decoding=\"async\" src=\"wp-content\/themes\/rose\/images\/Hector.png\" \/><br \/><strong>Gran Orador Adjunto<\/br>Hector Garcia<\/strong><\/td>\n<td><img decoding=\"async\" src=\"wp-content\/themes\/rose\/images\/Fernando.png\" \/><br \/><strong>Gran Secretario Adjunto<\/br>Fernando Pradel<\/strong><\/td>\n<td><img decoding=\"async\" src=\"wp-content\/themes\/rose\/images\/admin.png\" \/><br \/><strong>Gran Hospitalario<\/br>Juan Hechavarria<\/td>\n<\/tr>\n<tr bgcolor=\"#ffffff\">\n<td align=\"center\"><img decoding=\"async\" src=\"wp-content\/themes\/rose\/images\/Pedro Serrano.png\" \/><br \/><strong>Gran Tesorero<\/br>Pedro Serrano<\/strong><\/td>\n<td><img decoding=\"async\" src=\"wp-content\/themes\/rose\/images\/admin.png\" \/><br \/><strong>Gran Ec\u00f3nomo <\/br>Federico Diego<\/strong><\/td>\n<td><img decoding=\"async\" src=\"wp-content\/themes\/rose\/images\/joes_soto.png\" \/><br \/><strong>Gran 1er Maestro de <\/br>Ceremonias <\/br>Jos\u00e9 Soto<\/strong><\/td>\n<td><img decoding=\"async\" src=\"wp-content\/themes\/rose\/images\/admin.png\" \/><br \/><strong>Gran 2do Maestro <\/br>Ceremonias<\/br>Mario Ellington<\/strong><\/td>\n<\/tr>\n<tr bgcolor=\"#ffffff\">\n<td align=\"center\"><img decoding=\"async\" src=\"wp-content\/themes\/rose\/images\/admin.png\" \/><br \/><strong>Gran 1er Experto<\/br>Oscar P\u00e9rez<\/strong><\/td>\n<td><img decoding=\"async\" src=\"wp-content\/themes\/rose\/images\/admin.png\" \/><br \/><strong>Gran 2do Experto<\/br>Ruben Rankis<\/strong><\/td>\n<td><img decoding=\"async\" src=\"wp-content\/themes\/rose\/images\/Carrion.png\" \/><br \/><strong>Gran 1er Diacono<\/br>Luis Carrion<\/strong><\/td>\n<td><img decoding=\"async\" src=\"wp-content\/themes\/rose\/images\/pedro.png\" \/><br \/><strong>Gran 2do Diacono <\/br>Pedro Quezada<\/strong><\/td>\n<\/tr>\n<\/table>\n<table cellspacing=\"0\" cellpadding=\"5\" bgcolor=\"#d4d4d4\" width=\"80%\" align=\"center\">\n<tr bgcolor=\"#ffffff\">\n<td align=\"center\"><img decoding=\"async\" src=\"wp-content\/themes\/rose\/images\/admin.png\" \/><br \/><strong>Gran Guarda Templo Interior<\/br> Luis Vald\u00e9s <\/strong><\/td>\n<td><img decoding=\"async\" src=\"wp-content\/themes\/rose\/images\/Frederic.png\" \/><br \/><strong>Gran Guarda Templo Exterior <\/br>Frederic Tupia <\/strong><\/td>\n<\/tr>\n<\/table>\n<p><\/p>\n<table cellspacing=\"0\" cellpadding=\"5\" bgcolor=\"#d4d4d4\" width=\"80%\" align=\"center\">\n<tr bgcolor=\"#ffffff\">\n<td align=\"center\"><img decoding=\"async\" src=\"wp-content\/themes\/rose\/images\/joes_soto.png\" \/><br \/><strong>Presidente Del Auxilio Mas\u00f3nico<\/br>Jos\u00e9 Soto<\/strong><\/td>\n<td><img decoding=\"async\" src=\"wp-content\/themes\/rose\/images\/Carrion.png\" \/>><br \/><strong>Secretario Del Auxilio Mas\u00f3nico<\/br>Jos\u00e9 Luis Carri\u00f3n<\/strong><\/td>\n<td><img decoding=\"async\" src=\"wp-content\/themes\/rose\/images\/pedro.png\" \/><br \/><strong>Vocal del Auxilio Mas\u00f3nico<\/br>Pedro Quezada<\/strong><\/td>\n<\/tr>\n<\/table>\n<p><!--\n\n<div class=\"images_content\">\n\n\n<div class=\"Adriano\">\n\n\n<div class=\"Adriano_top\"><img decoding=\"async\" src=\"wp-content\/themes\/rose\/images\/Cristobal Carela.png\" \/><\/div>\n\n\n\n\n<div class=\"Adriano_bottom\"><strong>Cristobal Carela<\/strong>\nDiputado Gran Maestro<\/div>\n\n<\/div>\n\n\n\n\n\n<div class=\"Adriano\">\n\n\n<div class=\"Adriano_top\"><img decoding=\"async\" src=\"wp-content\/themes\/rose\/images\/Joel Chaviano.png\" \/><\/div>\n\n\n\n\n<div class=\"Adriano_bottom\"><strong>Joel Chaviano<\/strong>\nGran Secretario<\/div>\n\n<\/div>\n\n\n\n\n\n<div class=\"Adriano\">\n\n\n<div class=\"Adriano_top\"><img decoding=\"async\" src=\"wp-content\/themes\/rose\/images\/Carlos Marcial Sr..png\" \/><\/div>\n\n\n\n\n<div class=\"Adriano_bottom\"><strong>Carlos Marcial Sr.<\/strong>\nGran Primer Vigilante<\/div>\n\n<\/div>\n\n\n\n\n\n<div class=\"Adriano\">\n\n\n<div class=\"Adriano_top\"><img decoding=\"async\" src=\"wp-content\/themes\/rose\/images\/Cristobal Carela.png\" \/><\/div>\n\n\n\n\n<div class=\"Adriano_bottom\"><strong>Antonio Hallado<\/strong>\nGran Segundo Vigilante<\/div>\n\n<\/div>\n\n\n\n<\/div>\n\n\n\n\n\n\n<div class=\"images_content\">\n\n\n<div class=\"Adriano\">\n\n\n<div class=\"Adriano_top\"><img decoding=\"async\" src=\"wp-content\/themes\/rose\/images\/Abraham Martinez.png\" \/><\/div>\n\n\n\n\n<div class=\"Adriano_bottom\"><strong>Abraham Martinez<\/strong>\nGran Orador<\/div>\n\n<\/div>\n\n\n\n\n\n<div class=\"Adriano\">\n\n\n<div class=\"Adriano_top\"><img decoding=\"async\" src=\"wp-content\/themes\/rose\/images\/Hector.png\" \/><\/div>\n\n\n\n\n<div class=\"Adriano_bottom\"><strong>Hector Garcia<\/strong>\nGran Orador Adjunto<\/div>\n\n<\/div>\n\n\n\n\n\n\n<div class=\"Adriano\">\n\n\n<div class=\"Adriano_top\"><img decoding=\"async\" src=\"wp-content\/themes\/rose\/images\/Fernando.png\" \/><\/div>\n\n\n\n\n<div class=\"Adriano_bottom\">Fernando Pradel<\/strong>\nGran Secretario Adjunto<\/div>\n\n<\/div>\n\n\n\n\n\n\n<div class=\"Adriano\">\n\n\n<div class=\"Adriano_top\"><img decoding=\"async\" src=\"wp-content\/themes\/rose\/images\/admin.png\" \/><\/div>\n\n\n\n\n<div class=\"Adriano_bottom\"><strong>Juan Hechavarria<\/strong>\nGran Hospitalario<\/div>\n\n<\/div>\n\n\n<\/div>\n\n\n\n\n\n<div class=\"images_content\">\n\n\n<div class=\"Adriano\">\n\n\n<div class=\"Adriano_top\"><img decoding=\"async\" src=\"wp-content\/themes\/rose\/images\/admin.png\" \/><\/div>\n\n\n\n\n<div class=\"Adriano_bottom\"><strong>Federico Diego<\/strong>\nGran Economo<\/div>\n\n<\/div>\n\n\n\n\n\n<div class=\"Adriano\">\n\n\n<div class=\"Adriano_top\"><img decoding=\"async\" src=\"wp-content\/themes\/rose\/images\/admin.png\" \/><\/div>\n\n\n\n\n<div class=\"Adriano_bottom\"><strong>Mario Ellington<\/strong>\nGran 2do Maestro de Ceremonias<\/div>\n\n<\/div>\n\n\n\n\n\n\n<div class=\"Adriano\">\n\n\n<div class=\"Adriano_top\"><img decoding=\"async\" src=\"wp-content\/themes\/rose\/images\/admin.png\" \/><\/div>\n\n\n\n\n<div class=\"Adriano_bottom\"><strong>Oscar Perez<\/strong>\nGran 1er Experto<\/div>\n\n<\/div>\n\n\n\n\n<div class=\"Adriano\">\n\n\n<div class=\"Adriano_top\"><img decoding=\"async\" src=\"wp-content\/themes\/rose\/images\/admin.png\" \/><\/div>\n\n\n\n\n<div class=\"Adriano_bottom\"><strong>Alfredo Coral<\/strong>\nGran 2do Experto<\/div>\n\n<\/div>\n\n\n<\/div>\n\n\n\n\n\n<div class=\"images_content\">\n\n\n<div class=\"Adriano\">\n\n\n<div class=\"Adriano_top\"><img decoding=\"async\" src=\"wp-content\/themes\/rose\/images\/pedro.png\" \/><\/div>\n\n\n\n\n<div class=\"Adriano_bottom\"><strong>Pedro Quezada<\/strong>\nGran 2do Diacono<\/div>\n\n<\/div>\n\n\n\n\n\n<div class=\"Adriano\">\n\n\n<div class=\"Adriano_top\"><img decoding=\"async\" src=\"wp-content\/themes\/rose\/images\/admin.png\" \/><\/div>\n\n\n\n\n<div class=\"Adriano_bottom\"><strong>Ruben Rankis<\/strong>\nGran Porta Estandarte<\/div>\n\n<\/div>\n\n\n\n\n<div class=\"Adriano\">\n\n\n<div class=\"Adriano_top\"><img decoding=\"async\" src=\"wp-content\/themes\/rose\/images\/admin.png\" \/><\/div>\n\n\n\n\n<div class=\"Adriano_bottom\"><strong>Luis Valdes<\/strong>\nGran Guarda Templo Interior<\/div>\n\n<\/div>\n\n\n\n\n<div class=\"Adriano\">\n\n\n<div class=\"Adriano_top\"><img decoding=\"async\" src=\"wp-content\/themes\/rose\/images\/admin.png\" \/><\/div>\n\n\n\n\n<div class=\"Adriano_bottom\"><strong>Frederic Tupia<\/strong>\nGran Guarda Templo Exterior<\/div>\n\n<\/div>\n\n\n<\/div>\n\n\n\n\n\n<div class=\"images_content\">\n\n\n<div class=\"Adriano\">\n\n\n<div class=\"Adriano_top\"><img decoding=\"async\" src=\"wp-content\/themes\/rose\/images\/joes_soto.png\" \/><\/div>\n\n\n\n\n<div class=\"Adriano_bottom\"><strong>Jose Soto<\/strong>\nPresidente del Auxiolio Masonico<\/div>\n\n<\/div>\n\n\n\n\n\n<div class=\"Adriano\">\n\n\n<div class=\"Adriano_top\"><img decoding=\"async\" src=\"wp-content\/themes\/rose\/images\/Carrion.png\" \/><\/div>\n\n\n\n\n<div class=\"Adriano_bottom\"><strong>Jose L. Carrion<\/strong>\nGran 1er Diacono<\/div>\n\n<\/div>\n\n\n\n\n\n<div class=\"Adriano\">\n\n\n<div class=\"Adriano_top\"><img decoding=\"async\" src=\"wp-content\/themes\/rose\/images\/pedro.png\" \/><\/div>\n\n\n\n\n<div class=\"Adriano_bottom\"><strong>Pedro Quezada<\/strong>\nVocal del Auxilio Masonico<\/div>\n\n<\/div>\n\n\n\n\n<div class=\"Adriano\">\n\n\n<div class=\"Adriano_top\"><img decoding=\"async\" src=\"wp-content\/themes\/rose\/images\/admin.png\" \/><\/div>\n\n\n\n\n<div class=\"Adriano_bottom\">Frederic Tupia<\/strong>\nGran Guarda Templo Exterior<\/div>\n\n<\/div>\n\n\n\n\n\n\n\n<\/div>\n\n\n\n\n<div class=\"images_content\">\n\n\n<div class=\"Adriano\">\n\n\n<div class=\"Adriano_top\"><img decoding=\"async\" src=\"wp-content\/themes\/rose\/images\/pedro.png\" \/><\/div>\n\n\n\n\n<div class=\"Adriano_bottom\"><strong>Jose Soto<\/strong>\nPresidente del Auxiolio Masonico<\/div>\n\n<\/div>\n\n\n\n\n\n<div class=\"Adriano\">\n\n\n<div class=\"Adriano_top\"><img decoding=\"async\" src=\"wp-content\/themes\/rose\/images\/admin.png\" \/><\/div>\n\n\n\n\n<div class=\"Adriano_bottom\"><strong>Jose L. Carrion<\/strong>\nGran 1er Diacono<\/div>\n\n<\/div>\n\n\n\n\n\n\n\n\n\n\n<\/div>\n\n--><\/div>\n","protected":false},"excerpt":{"rendered":"<p>Diputado Gran MaestroCristobal Carela Gran SecretarioJoel Chaviano Gran Primer VigilanteCarlos Marcial Sr. Gran Segundo VigilanteAntonio Hallado Gran OradorAbraham Martinez Gran Orador AdjuntoHector Garcia Gran Secretario AdjuntoFernando Pradel Gran HospitalarioJuan Hechavarria Gran TesoreroPedro Serrano Gran Ec\u00f3nomo Federico Diego Gran 1er Maestro de Ceremonias Jos\u00e9 Soto Gran 2do Maestro CeremoniasMario Ellington Gran 1er ExpertoOscar P\u00e9rez Gran 2do [&hellip;]<\/p>\n","protected":false},"author":1,"featured_media":0,"parent":180,"menu_order":0,"comment_status":"open","ping_status":"closed","template":"","meta":[],"_links":{"self":[{"href":"http:\/\/www.sgl-usa.com\/index.php?rest_route=\/wp\/v2\/pages\/461"}],"collection":[{"href":"http:\/\/www.sgl-usa.com\/index.php?rest_route=\/wp\/v2\/pages"}],"about":[{"href":"http:\/\/www.sgl-usa.com\/index.php?rest_route=\/wp\/v2\/types\/page"}],"author":[{"embeddable":true,"href":"http:\/\/www.sgl-usa.com\/index.php?rest_route=\/wp\/v2\/users\/1"}],"replies":[{"embeddable":true,"href":"http:\/\/www.sgl-usa.com\/index.php?rest_route=%2Fwp%2Fv2%2Fcomments&post=461"}],"version-history":[{"count":83,"href":"http:\/\/www.sgl-usa.com\/index.php?rest_route=\/wp\/v2\/pages\/461\/revisions"}],"predecessor-version":[{"id":1518,"href":"http:\/\/www.sgl-usa.com\/index.php?rest_route=\/wp\/v2\/pages\/461\/revisions\/1518"}],"up":[{"embeddable":true,"href":"http:\/\/www.sgl-usa.com\/index.php?rest_route=\/wp\/v2\/pages\/180"}],"wp:attachment":[{"href":"http:\/\/www.sgl-usa.com\/index.php?rest_route=%2Fwp%2Fv2%2Fmedia&parent=461"}],"curies":[{"name":"wp","href":"https:\/\/api.w.org\/{rel}","templated":true}]}}